{"id":3559,"date":"2025-07-18T12:18:18","date_gmt":"2025-07-18T10:18:18","guid":{"rendered":"https:\/\/lescretes.it\/degustations\/"},"modified":"2026-02-10T17:18:27","modified_gmt":"2026-02-10T16:18:27","slug":"degustations","status":"publish","type":"page","link":"https:\/\/lescretes.it\/fr\/degustations\/","title":{"rendered":"D\u00e9gustations"},"content":{"rendered":"","protected":false},"excerpt":{"rendered":"","protected":false},"author":1,"featured_media":3169,"parent":0,"menu_order":0,"comment_status":"closed","ping_status":"open","template":"templates\/degustazioni.php","meta":{"_acf_changed":false,"footnotes":""},"class_list":["post-3559","page","type-page","status-publish","has-post-thumbnail","hentry"],"acf":[],"yoast_head":"<!-- This site is optimized with the Yoast SEO plugin v27.4 - https:\/\/yoast.com\/product\/yoast-seo-wordpress\/ -->\n<title>D\u00e9gustation de vins de la Vall\u00e9e d&#039;Aoste | Les Cr\u00eates<\/title>\n<meta name=\"description\" content=\"Vivez une exp\u00e9rience unique aux Cr\u00eates : d\u00e9gustation de vin, cave et vignobles au c\u0153ur de la Vall\u00e9e d&#039;Aoste. R\u00e9servez votre visite d\u00e8s maintenant.\" \/>\n<meta name=\"robots\" content=\"index, follow, max-snippet:-1, max-image-preview:large, max-video-preview:-1\" \/>\n<link rel=\"canonical\" href=\"https:\/\/lescretes.it\/fr\/degustations\/\" \/>\n<meta property=\"og:locale\" content=\"fr_FR\" \/>\n<meta property=\"og:type\" content=\"article\" \/>\n<meta property=\"og:title\" content=\"D\u00e9gustation de vins de la Vall\u00e9e d&#039;Aoste | Les Cr\u00eates\" \/>\n<meta property=\"og:description\" content=\"Vivez une exp\u00e9rience unique aux Cr\u00eates : d\u00e9gustation de vin, cave et vignobles au c\u0153ur de la Vall\u00e9e d&#039;Aoste. R\u00e9servez votre visite d\u00e8s maintenant.\" \/>\n<meta property=\"og:url\" content=\"https:\/\/lescretes.it\/fr\/degustations\/\" \/>\n<meta property=\"og:site_name\" content=\"Les Cr\u00eates\" \/>\n<meta property=\"article:publisher\" content=\"https:\/\/www.facebook.com\/lescretes\" \/>\n<meta property=\"article:modified_time\" content=\"2026-02-10T16:18:27+00:00\" \/>\n<meta property=\"og:image\" content=\"https:\/\/lescretes.it\/wp-content\/uploads\/2025\/07\/1.jpg\" \/>\n\t<meta property=\"og:image:width\" content=\"1626\" \/>\n\t<meta property=\"og:image:height\" content=\"900\" \/>\n\t<meta property=\"og:image:type\" content=\"image\/jpeg\" \/>\n<meta name=\"twitter:card\" content=\"summary_large_image\" \/>\n<meta name=\"twitter:label1\" content=\"Dur\u00e9e de lecture estim\u00e9e\" \/>\n\t<meta name=\"twitter:data1\" content=\"4 minutes\" \/>\n<script type=\"application\/ld+json\" class=\"yoast-schema-graph\">{\"@context\":\"https:\\\/\\\/schema.org\",\"@graph\":[{\"@type\":\"WebPage\",\"@id\":\"https:\\\/\\\/lescretes.it\\\/fr\\\/degustations\\\/\",\"url\":\"https:\\\/\\\/lescretes.it\\\/fr\\\/degustations\\\/\",\"name\":\"D\u00e9gustation de vins de la Vall\u00e9e d'Aoste | Les Cr\u00eates\",\"isPartOf\":{\"@id\":\"https:\\\/\\\/lescretes.it\\\/fr\\\/#website\"},\"primaryImageOfPage\":{\"@id\":\"https:\\\/\\\/lescretes.it\\\/fr\\\/degustations\\\/#primaryimage\"},\"image\":{\"@id\":\"https:\\\/\\\/lescretes.it\\\/fr\\\/degustations\\\/#primaryimage\"},\"thumbnailUrl\":\"https:\\\/\\\/lescretes.it\\\/wp-content\\\/uploads\\\/2025\\\/07\\\/1.jpg\",\"datePublished\":\"2025-07-18T10:18:18+00:00\",\"dateModified\":\"2026-02-10T16:18:27+00:00\",\"description\":\"Vivez une exp\u00e9rience unique aux Cr\u00eates : d\u00e9gustation de vin, cave et vignobles au c\u0153ur de la Vall\u00e9e d'Aoste. R\u00e9servez votre visite d\u00e8s maintenant.\",\"breadcrumb\":{\"@id\":\"https:\\\/\\\/lescretes.it\\\/fr\\\/degustations\\\/#breadcrumb\"},\"inLanguage\":\"fr-FR\",\"potentialAction\":[{\"@type\":\"ReadAction\",\"target\":[\"https:\\\/\\\/lescretes.it\\\/fr\\\/degustations\\\/\"]}]},{\"@type\":\"ImageObject\",\"inLanguage\":\"fr-FR\",\"@id\":\"https:\\\/\\\/lescretes.it\\\/fr\\\/degustations\\\/#primaryimage\",\"url\":\"https:\\\/\\\/lescretes.it\\\/wp-content\\\/uploads\\\/2025\\\/07\\\/1.jpg\",\"contentUrl\":\"https:\\\/\\\/lescretes.it\\\/wp-content\\\/uploads\\\/2025\\\/07\\\/1.jpg\",\"width\":1626,\"height\":900},{\"@type\":\"BreadcrumbList\",\"@id\":\"https:\\\/\\\/lescretes.it\\\/fr\\\/degustations\\\/#breadcrumb\",\"itemListElement\":[{\"@type\":\"ListItem\",\"position\":1,\"name\":\"Accueil\",\"item\":\"https:\\\/\\\/lescretes.it\\\/fr\\\/\"},{\"@type\":\"ListItem\",\"position\":2,\"name\":\"D\u00e9gustations\"}]},{\"@type\":\"WebSite\",\"@id\":\"https:\\\/\\\/lescretes.it\\\/fr\\\/#website\",\"url\":\"https:\\\/\\\/lescretes.it\\\/fr\\\/\",\"name\":\"Les Cr\u00eates\",\"description\":\"\",\"publisher\":{\"@id\":\"https:\\\/\\\/lescretes.it\\\/fr\\\/#organization\"},\"potentialAction\":[{\"@type\":\"SearchAction\",\"target\":{\"@type\":\"EntryPoint\",\"urlTemplate\":\"https:\\\/\\\/lescretes.it\\\/fr\\\/?s={search_term_string}\"},\"query-input\":{\"@type\":\"PropertyValueSpecification\",\"valueRequired\":true,\"valueName\":\"search_term_string\"}}],\"inLanguage\":\"fr-FR\"},{\"@type\":\"Organization\",\"@id\":\"https:\\\/\\\/lescretes.it\\\/fr\\\/#organization\",\"name\":\"Societa' Agricola Les Cretes Di Charrere E C. S.S.\",\"alternateName\":\"Les Cr\u00eates\",\"url\":\"https:\\\/\\\/lescretes.it\\\/fr\\\/\",\"logo\":{\"@type\":\"ImageObject\",\"inLanguage\":\"fr-FR\",\"@id\":\"https:\\\/\\\/lescretes.it\\\/fr\\\/#\\\/schema\\\/logo\\\/image\\\/\",\"url\":\"https:\\\/\\\/lescretes.it\\\/wp-content\\\/uploads\\\/2025\\\/08\\\/logo-les-cretes.png\",\"contentUrl\":\"https:\\\/\\\/lescretes.it\\\/wp-content\\\/uploads\\\/2025\\\/08\\\/logo-les-cretes.png\",\"width\":696,\"height\":696,\"caption\":\"Societa' Agricola Les Cretes Di Charrere E C. S.S.\"},\"image\":{\"@id\":\"https:\\\/\\\/lescretes.it\\\/fr\\\/#\\\/schema\\\/logo\\\/image\\\/\"},\"sameAs\":[\"https:\\\/\\\/www.facebook.com\\\/lescretes\",\"https:\\\/\\\/www.instagram.com\\\/les.cretes\\\/\"]}]}<\/script>\n<!-- \/ Yoast SEO plugin. -->","yoast_head_json":{"title":"D\u00e9gustation de vins de la Vall\u00e9e d'Aoste | Les Cr\u00eates","description":"Vivez une exp\u00e9rience unique aux Cr\u00eates : d\u00e9gustation de vin, cave et vignobles au c\u0153ur de la Vall\u00e9e d'Aoste. R\u00e9servez votre visite d\u00e8s maintenant.","robots":{"index":"index","follow":"follow","max-snippet":"max-snippet:-1","max-image-preview":"max-image-preview:large","max-video-preview":"max-video-preview:-1"},"canonical":"https:\/\/lescretes.it\/fr\/degustations\/","og_locale":"fr_FR","og_type":"article","og_title":"D\u00e9gustation de vins de la Vall\u00e9e d'Aoste | Les Cr\u00eates","og_description":"Vivez une exp\u00e9rience unique aux Cr\u00eates : d\u00e9gustation de vin, cave et vignobles au c\u0153ur de la Vall\u00e9e d'Aoste. R\u00e9servez votre visite d\u00e8s maintenant.","og_url":"https:\/\/lescretes.it\/fr\/degustations\/","og_site_name":"Les Cr\u00eates","article_publisher":"https:\/\/www.facebook.com\/lescretes","article_modified_time":"2026-02-10T16:18:27+00:00","og_image":[{"width":1626,"height":900,"url":"https:\/\/lescretes.it\/wp-content\/uploads\/2025\/07\/1.jpg","type":"image\/jpeg"}],"twitter_card":"summary_large_image","twitter_misc":{"Dur\u00e9e de lecture estim\u00e9e":"4 minutes"},"schema":{"@context":"https:\/\/schema.org","@graph":[{"@type":"WebPage","@id":"https:\/\/lescretes.it\/fr\/degustations\/","url":"https:\/\/lescretes.it\/fr\/degustations\/","name":"D\u00e9gustation de vins de la Vall\u00e9e d'Aoste | Les Cr\u00eates","isPartOf":{"@id":"https:\/\/lescretes.it\/fr\/#website"},"primaryImageOfPage":{"@id":"https:\/\/lescretes.it\/fr\/degustations\/#primaryimage"},"image":{"@id":"https:\/\/lescretes.it\/fr\/degustations\/#primaryimage"},"thumbnailUrl":"https:\/\/lescretes.it\/wp-content\/uploads\/2025\/07\/1.jpg","datePublished":"2025-07-18T10:18:18+00:00","dateModified":"2026-02-10T16:18:27+00:00","description":"Vivez une exp\u00e9rience unique aux Cr\u00eates : d\u00e9gustation de vin, cave et vignobles au c\u0153ur de la Vall\u00e9e d'Aoste. R\u00e9servez votre visite d\u00e8s maintenant.","breadcrumb":{"@id":"https:\/\/lescretes.it\/fr\/degustations\/#breadcrumb"},"inLanguage":"fr-FR","potentialAction":[{"@type":"ReadAction","target":["https:\/\/lescretes.it\/fr\/degustations\/"]}]},{"@type":"ImageObject","inLanguage":"fr-FR","@id":"https:\/\/lescretes.it\/fr\/degustations\/#primaryimage","url":"https:\/\/lescretes.it\/wp-content\/uploads\/2025\/07\/1.jpg","contentUrl":"https:\/\/lescretes.it\/wp-content\/uploads\/2025\/07\/1.jpg","width":1626,"height":900},{"@type":"BreadcrumbList","@id":"https:\/\/lescretes.it\/fr\/degustations\/#breadcrumb","itemListElement":[{"@type":"ListItem","position":1,"name":"Accueil","item":"https:\/\/lescretes.it\/fr\/"},{"@type":"ListItem","position":2,"name":"D\u00e9gustations"}]},{"@type":"WebSite","@id":"https:\/\/lescretes.it\/fr\/#website","url":"https:\/\/lescretes.it\/fr\/","name":"Les Cr\u00eates","description":"","publisher":{"@id":"https:\/\/lescretes.it\/fr\/#organization"},"potentialAction":[{"@type":"SearchAction","target":{"@type":"EntryPoint","urlTemplate":"https:\/\/lescretes.it\/fr\/?s={search_term_string}"},"query-input":{"@type":"PropertyValueSpecification","valueRequired":true,"valueName":"search_term_string"}}],"inLanguage":"fr-FR"},{"@type":"Organization","@id":"https:\/\/lescretes.it\/fr\/#organization","name":"Societa' Agricola Les Cretes Di Charrere E C. S.S.","alternateName":"Les Cr\u00eates","url":"https:\/\/lescretes.it\/fr\/","logo":{"@type":"ImageObject","inLanguage":"fr-FR","@id":"https:\/\/lescretes.it\/fr\/#\/schema\/logo\/image\/","url":"https:\/\/lescretes.it\/wp-content\/uploads\/2025\/08\/logo-les-cretes.png","contentUrl":"https:\/\/lescretes.it\/wp-content\/uploads\/2025\/08\/logo-les-cretes.png","width":696,"height":696,"caption":"Societa' Agricola Les Cretes Di Charrere E C. S.S."},"image":{"@id":"https:\/\/lescretes.it\/fr\/#\/schema\/logo\/image\/"},"sameAs":["https:\/\/www.facebook.com\/lescretes","https:\/\/www.instagram.com\/les.cretes\/"]}]}},"_links":{"self":[{"href":"https:\/\/lescretes.it\/fr\/wp-json\/wp\/v2\/pages\/3559","targetHints":{"allow":["GET"]}}],"collection":[{"href":"https:\/\/lescretes.it\/fr\/wp-json\/wp\/v2\/pages"}],"about":[{"href":"https:\/\/lescretes.it\/fr\/wp-json\/wp\/v2\/types\/page"}],"author":[{"embeddable":true,"href":"https:\/\/lescretes.it\/fr\/wp-json\/wp\/v2\/users\/1"}],"replies":[{"embeddable":true,"href":"https:\/\/lescretes.it\/fr\/wp-json\/wp\/v2\/comments?post=3559"}],"version-history":[{"count":2,"href":"https:\/\/lescretes.it\/fr\/wp-json\/wp\/v2\/pages\/3559\/revisions"}],"predecessor-version":[{"id":12116,"href":"https:\/\/lescretes.it\/fr\/wp-json\/wp\/v2\/pages\/3559\/revisions\/12116"}],"wp:featuredmedia":[{"embeddable":true,"href":"https:\/\/lescretes.it\/fr\/wp-json\/wp\/v2\/media\/3169"}],"wp:attachment":[{"href":"https:\/\/lescretes.it\/fr\/wp-json\/wp\/v2\/media?parent=3559"}],"curies":[{"name":"wp","href":"https:\/\/api.w.org\/{rel}","templated":true}]}}