{"id":3453,"date":"2025-07-21T14:00:19","date_gmt":"2025-07-21T12:00:19","guid":{"rendered":"https:\/\/lescretes.it\/localisation-des-magasins\/"},"modified":"2025-08-29T10:07:03","modified_gmt":"2025-08-29T08:07:03","slug":"localisation-des-magasins","status":"publish","type":"page","link":"https:\/\/lescretes.it\/fr\/localisation-des-magasins\/","title":{"rendered":"Localisation des magasins"},"content":{"rendered":"","protected":false},"excerpt":{"rendered":"","protected":false},"author":1,"featured_media":0,"parent":0,"menu_order":0,"comment_status":"closed","ping_status":"closed","template":"templates\/store-locator.php","meta":{"_acf_changed":false,"footnotes":""},"class_list":["post-3453","page","type-page","status-publish","hentry"],"acf":[],"yoast_head":"<!-- This site is optimized with the Yoast SEO plugin v27.6 - https:\/\/yoast.com\/product\/yoast-seo-wordpress\/ -->\n<title>Localisateur de magasins | O\u00f9 acheter et d\u00e9guster les vins Les Cr\u00eates<\/title>\n<meta name=\"description\" content=\"D\u00e9couvrez o\u00f9 trouver les vins Les Cr\u00eates : cavistes, restaurants et points de vente dans toute l&#039;Italie. Trouvez le magasin le plus proche de chez vous.\" \/>\n<meta name=\"robots\" content=\"index, follow, max-snippet:-1, max-image-preview:large, max-video-preview:-1\" \/>\n<link rel=\"canonical\" href=\"https:\/\/lescretes.it\/fr\/localisation-des-magasins\/\" \/>\n<meta property=\"og:locale\" content=\"fr_FR\" \/>\n<meta property=\"og:type\" content=\"article\" \/>\n<meta property=\"og:title\" content=\"Localisateur de magasins | O\u00f9 acheter et d\u00e9guster les vins Les Cr\u00eates\" \/>\n<meta property=\"og:description\" content=\"D\u00e9couvrez o\u00f9 trouver les vins Les Cr\u00eates : cavistes, restaurants et points de vente dans toute l&#039;Italie. Trouvez le magasin le plus proche de chez vous.\" \/>\n<meta property=\"og:url\" content=\"https:\/\/lescretes.it\/fr\/localisation-des-magasins\/\" \/>\n<meta property=\"og:site_name\" content=\"Les Cr\u00eates\" \/>\n<meta property=\"article:publisher\" content=\"https:\/\/www.facebook.com\/lescretes\" \/>\n<meta property=\"article:modified_time\" content=\"2025-08-29T08:07:03+00:00\" \/>\n<meta property=\"og:image\" content=\"https:\/\/lescretes.it\/wp-content\/uploads\/2025\/08\/wines-les-cretes.jpg\" \/>\n\t<meta property=\"og:image:width\" content=\"1200\" \/>\n\t<meta property=\"og:image:height\" content=\"664\" \/>\n\t<meta property=\"og:image:type\" content=\"image\/jpeg\" \/>\n<meta name=\"twitter:card\" content=\"summary_large_image\" \/>\n<meta name=\"twitter:label1\" content=\"Dur\u00e9e de lecture estim\u00e9e\" \/>\n\t<meta name=\"twitter:data1\" content=\"1 minute\" \/>\n<script type=\"application\/ld+json\" class=\"yoast-schema-graph\">{\"@context\":\"https:\\\/\\\/schema.org\",\"@graph\":[{\"@type\":\"WebPage\",\"@id\":\"https:\\\/\\\/lescretes.it\\\/fr\\\/localisation-des-magasins\\\/\",\"url\":\"https:\\\/\\\/lescretes.it\\\/fr\\\/localisation-des-magasins\\\/\",\"name\":\"Localisateur de magasins | O\u00f9 acheter et d\u00e9guster les vins Les Cr\u00eates\",\"isPartOf\":{\"@id\":\"https:\\\/\\\/lescretes.it\\\/fr\\\/#website\"},\"datePublished\":\"2025-07-21T12:00:19+00:00\",\"dateModified\":\"2025-08-29T08:07:03+00:00\",\"description\":\"D\u00e9couvrez o\u00f9 trouver les vins Les Cr\u00eates : cavistes, restaurants et points de vente dans toute l'Italie. Trouvez le magasin le plus proche de chez vous.\",\"breadcrumb\":{\"@id\":\"https:\\\/\\\/lescretes.it\\\/fr\\\/localisation-des-magasins\\\/#breadcrumb\"},\"inLanguage\":\"fr-FR\",\"potentialAction\":[{\"@type\":\"ReadAction\",\"target\":[\"https:\\\/\\\/lescretes.it\\\/fr\\\/localisation-des-magasins\\\/\"]}]},{\"@type\":\"BreadcrumbList\",\"@id\":\"https:\\\/\\\/lescretes.it\\\/fr\\\/localisation-des-magasins\\\/#breadcrumb\",\"itemListElement\":[{\"@type\":\"ListItem\",\"position\":1,\"name\":\"Accueil\",\"item\":\"https:\\\/\\\/lescretes.it\\\/fr\\\/\"},{\"@type\":\"ListItem\",\"position\":2,\"name\":\"Localisation des magasins\"}]},{\"@type\":\"WebSite\",\"@id\":\"https:\\\/\\\/lescretes.it\\\/fr\\\/#website\",\"url\":\"https:\\\/\\\/lescretes.it\\\/fr\\\/\",\"name\":\"Les Cr\u00eates\",\"description\":\"\",\"publisher\":{\"@id\":\"https:\\\/\\\/lescretes.it\\\/fr\\\/#organization\"},\"potentialAction\":[{\"@type\":\"SearchAction\",\"target\":{\"@type\":\"EntryPoint\",\"urlTemplate\":\"https:\\\/\\\/lescretes.it\\\/fr\\\/?s={search_term_string}\"},\"query-input\":{\"@type\":\"PropertyValueSpecification\",\"valueRequired\":true,\"valueName\":\"search_term_string\"}}],\"inLanguage\":\"fr-FR\"},{\"@type\":\"Organization\",\"@id\":\"https:\\\/\\\/lescretes.it\\\/fr\\\/#organization\",\"name\":\"Societa' Agricola Les Cretes Di Charrere E C. S.S.\",\"alternateName\":\"Les Cr\u00eates\",\"url\":\"https:\\\/\\\/lescretes.it\\\/fr\\\/\",\"logo\":{\"@type\":\"ImageObject\",\"inLanguage\":\"fr-FR\",\"@id\":\"https:\\\/\\\/lescretes.it\\\/fr\\\/#\\\/schema\\\/logo\\\/image\\\/\",\"url\":\"https:\\\/\\\/lescretes.it\\\/wp-content\\\/uploads\\\/2025\\\/08\\\/logo-les-cretes.png\",\"contentUrl\":\"https:\\\/\\\/lescretes.it\\\/wp-content\\\/uploads\\\/2025\\\/08\\\/logo-les-cretes.png\",\"width\":696,\"height\":696,\"caption\":\"Societa' Agricola Les Cretes Di Charrere E C. S.S.\"},\"image\":{\"@id\":\"https:\\\/\\\/lescretes.it\\\/fr\\\/#\\\/schema\\\/logo\\\/image\\\/\"},\"sameAs\":[\"https:\\\/\\\/www.facebook.com\\\/lescretes\",\"https:\\\/\\\/www.instagram.com\\\/les.cretes\\\/\"]}]}<\/script>\n<!-- \/ Yoast SEO plugin. -->","yoast_head_json":{"title":"Localisateur de magasins | O\u00f9 acheter et d\u00e9guster les vins Les Cr\u00eates","description":"D\u00e9couvrez o\u00f9 trouver les vins Les Cr\u00eates : cavistes, restaurants et points de vente dans toute l'Italie. Trouvez le magasin le plus proche de chez vous.","robots":{"index":"index","follow":"follow","max-snippet":"max-snippet:-1","max-image-preview":"max-image-preview:large","max-video-preview":"max-video-preview:-1"},"canonical":"https:\/\/lescretes.it\/fr\/localisation-des-magasins\/","og_locale":"fr_FR","og_type":"article","og_title":"Localisateur de magasins | O\u00f9 acheter et d\u00e9guster les vins Les Cr\u00eates","og_description":"D\u00e9couvrez o\u00f9 trouver les vins Les Cr\u00eates : cavistes, restaurants et points de vente dans toute l'Italie. Trouvez le magasin le plus proche de chez vous.","og_url":"https:\/\/lescretes.it\/fr\/localisation-des-magasins\/","og_site_name":"Les Cr\u00eates","article_publisher":"https:\/\/www.facebook.com\/lescretes","article_modified_time":"2025-08-29T08:07:03+00:00","og_image":[{"width":1200,"height":664,"url":"https:\/\/lescretes.it\/wp-content\/uploads\/2025\/08\/wines-les-cretes.jpg","type":"image\/jpeg"}],"twitter_card":"summary_large_image","twitter_misc":{"Dur\u00e9e de lecture estim\u00e9e":"1 minute"},"schema":{"@context":"https:\/\/schema.org","@graph":[{"@type":"WebPage","@id":"https:\/\/lescretes.it\/fr\/localisation-des-magasins\/","url":"https:\/\/lescretes.it\/fr\/localisation-des-magasins\/","name":"Localisateur de magasins | O\u00f9 acheter et d\u00e9guster les vins Les Cr\u00eates","isPartOf":{"@id":"https:\/\/lescretes.it\/fr\/#website"},"datePublished":"2025-07-21T12:00:19+00:00","dateModified":"2025-08-29T08:07:03+00:00","description":"D\u00e9couvrez o\u00f9 trouver les vins Les Cr\u00eates : cavistes, restaurants et points de vente dans toute l'Italie. Trouvez le magasin le plus proche de chez vous.","breadcrumb":{"@id":"https:\/\/lescretes.it\/fr\/localisation-des-magasins\/#breadcrumb"},"inLanguage":"fr-FR","potentialAction":[{"@type":"ReadAction","target":["https:\/\/lescretes.it\/fr\/localisation-des-magasins\/"]}]},{"@type":"BreadcrumbList","@id":"https:\/\/lescretes.it\/fr\/localisation-des-magasins\/#breadcrumb","itemListElement":[{"@type":"ListItem","position":1,"name":"Accueil","item":"https:\/\/lescretes.it\/fr\/"},{"@type":"ListItem","position":2,"name":"Localisation des magasins"}]},{"@type":"WebSite","@id":"https:\/\/lescretes.it\/fr\/#website","url":"https:\/\/lescretes.it\/fr\/","name":"Les Cr\u00eates","description":"","publisher":{"@id":"https:\/\/lescretes.it\/fr\/#organization"},"potentialAction":[{"@type":"SearchAction","target":{"@type":"EntryPoint","urlTemplate":"https:\/\/lescretes.it\/fr\/?s={search_term_string}"},"query-input":{"@type":"PropertyValueSpecification","valueRequired":true,"valueName":"search_term_string"}}],"inLanguage":"fr-FR"},{"@type":"Organization","@id":"https:\/\/lescretes.it\/fr\/#organization","name":"Societa' Agricola Les Cretes Di Charrere E C. S.S.","alternateName":"Les Cr\u00eates","url":"https:\/\/lescretes.it\/fr\/","logo":{"@type":"ImageObject","inLanguage":"fr-FR","@id":"https:\/\/lescretes.it\/fr\/#\/schema\/logo\/image\/","url":"https:\/\/lescretes.it\/wp-content\/uploads\/2025\/08\/logo-les-cretes.png","contentUrl":"https:\/\/lescretes.it\/wp-content\/uploads\/2025\/08\/logo-les-cretes.png","width":696,"height":696,"caption":"Societa' Agricola Les Cretes Di Charrere E C. S.S."},"image":{"@id":"https:\/\/lescretes.it\/fr\/#\/schema\/logo\/image\/"},"sameAs":["https:\/\/www.facebook.com\/lescretes","https:\/\/www.instagram.com\/les.cretes\/"]}]}},"_links":{"self":[{"href":"https:\/\/lescretes.it\/fr\/wp-json\/wp\/v2\/pages\/3453","targetHints":{"allow":["GET"]}}],"collection":[{"href":"https:\/\/lescretes.it\/fr\/wp-json\/wp\/v2\/pages"}],"about":[{"href":"https:\/\/lescretes.it\/fr\/wp-json\/wp\/v2\/types\/page"}],"author":[{"embeddable":true,"href":"https:\/\/lescretes.it\/fr\/wp-json\/wp\/v2\/users\/1"}],"replies":[{"embeddable":true,"href":"https:\/\/lescretes.it\/fr\/wp-json\/wp\/v2\/comments?post=3453"}],"version-history":[{"count":1,"href":"https:\/\/lescretes.it\/fr\/wp-json\/wp\/v2\/pages\/3453\/revisions"}],"predecessor-version":[{"id":5019,"href":"https:\/\/lescretes.it\/fr\/wp-json\/wp\/v2\/pages\/3453\/revisions\/5019"}],"wp:attachment":[{"href":"https:\/\/lescretes.it\/fr\/wp-json\/wp\/v2\/media?parent=3453"}],"curies":[{"name":"wp","href":"https:\/\/api.w.org\/{rel}","templated":true}]}}