{"id":13116,"date":"2026-05-11T16:15:50","date_gmt":"2026-05-11T14:15:50","guid":{"rendered":"https:\/\/lescretes.it\/condizioni-generali-visita-guidata\/"},"modified":"2026-05-14T17:35:08","modified_gmt":"2026-05-14T15:35:08","slug":"condizioni-generali-visita-guidata","status":"publish","type":"page","link":"https:\/\/lescretes.it\/de\/condizioni-generali-visita-guidata\/","title":{"rendered":"Condizioni generali visita guidata"},"content":{"rendered":"\n<ul class=\"wp-block-list\">\n<li>Tutti i <strong>prezzi<\/strong> si intendono <strong>IVA inclusa<\/strong>; per gli eventuali acquisti online le somme versate in anticipo sono da considerarsi a titolo cauzionale.<br\/>I <strong>dati personali<\/strong> forniti saranno trattati nel <strong>rispetto della normativa vigente<\/strong> (Reg. UE 2016\/679) esclusivamente per la gestione della prenotazione.<\/li>\n\n\n\n<li>La prenotazione \u00e8 da considerarsi <strong>confermata<\/strong> solo dopo comunicazione <strong>scritta<\/strong> (tramite e-mail o tramite messaggio su Whatsapp) da parte di Les Cr\u00eates e il <strong>pagamento anticipato <\/strong>del totale esperienza tramite un pay by link. Nel caso non si possedesse una carta di credito del circuito VISA \u2013 MASTERCARD verranno inviate le coordinate bancarie. <\/li>\n\n\n\n<li><strong>Le eventuali selezioni di salumi e formaggi<\/strong> vengono consegnate fresche in giornata, pertanto \u00e8 necessaria una <strong>prenotazione anticipata<\/strong>. In caso di mancata prenotazione non \u00e8 garantita la disponibilit\u00e0.<br\/>Si prega inoltre di <strong>segnalare in anticipo<\/strong> eventuali <strong>allergie<\/strong> ed <strong>intolleranze<\/strong> <strong>alimentari<\/strong>, o altre particolari esigenze. Se non segnalato in precedenza, si declina qualsiasi responsabilit\u00e0.  <\/li>\n\n\n\n<li>Il percorso di visita prevede l\u2019<strong>accesso ai locali di produzione e di affinamento del vino<\/strong>, tutti i visitatori sono quindi tenuti a <strong>rispettare le regole di comportamento<\/strong> dettate dagli accompagnatori.<br\/>Per fini logistici l\u2019azienda si riserva il diritto di accorpare pi\u00f9 persone anche di prenotazioni diverse per la visita e la degustazione.<\/li>\n\n\n\n<li>Le degustazioni dei vini sono dedicate a persone di <strong>maggiore et\u00e0<\/strong>, in quanto non \u00e8 consentito servire alcolici ai <strong>minori di 18 anni<\/strong>.<\/li>\n<\/ul>\n\n<p><strong>Condizioni generali di modifica o cancellazione di prenotazione di una visita guidata:<\/strong><\/p>\n\n<ul class=\"wp-block-list\">\n<li>Le <strong>modifiche<\/strong> devono essere comunicate per <strong>iscritto<\/strong> (tramite e-mail) <strong>entro 2 giorni (feriali)<\/strong> dalla data della visita, fornendo <strong>nome<\/strong>, <strong>cognome<\/strong> e <strong>codice di prenotazione<\/strong>:<\/li>\n<\/ul>\n\n<p>1) <strong>In caso di diminuzione<\/strong> del numero dei prenotati e di <strong>modifica<\/strong> del tipo di degustazione, se comunicato entro il suddetto termine (48 ore), non saranno applicate penali e il valore della degustazione del participante\/i cancellati verr\u00e0 tramutato in un voucher degustazione di pari valori della validit\u00e0 di 12 mesi dalla cancellazione<\/p>\n\n<p>2) <strong>In caso di aumento<\/strong> del numero di prenotati e di <strong>modifica<\/strong> del tipo di degustazione, la prenotazione dev\u2019essere confermata da Les Cr\u00eates. Se la comunicazione non \u00e8 effettuata con il necessario anticipo potrebbe non essere pi\u00f9 possibile modificare la prenotazione e\/o aggiungere le selezioni in abbinamento. <\/p>\n\n<ul class=\"wp-block-list\">\n<li>Ogni <strong>cancellazione di prenotazione<\/strong> deve essere comunicata per <strong>iscritto<\/strong> (tramite e-mail) <strong>entro 2 giorni<\/strong> (feriali) dalla data della visita, fornendo <strong>nome<\/strong>, <strong>cognome<\/strong> e <strong>codice di prenotazione<\/strong>. Se comunicato entro il suddetto termine, la cancellazione non preveder\u00e0 penali e l\u2019eventuale importo corrispondente gi\u00e0 versato verr\u00e0 trasformato in un Voucher Degustazione di pari valore dalla validit\u00e0 di 12 mesi dalla data di cancellazione. <\/li>\n<\/ul>\n\n<ul class=\"wp-block-list\">\n<li>Les Cr\u00eates <strong>si riserva il diritto di modificare il luogo dell\u2019evento<\/strong> o di <strong>cancellare l\u2019evento<\/strong>, in qualsiasi momento, per causa di forza maggiore e\/o impossibilit\u00e0 (ivi inclusi i casi, a titolo esemplificativo e non esaustivo, di eventi meteorologici che rendano impossibile l\u2019organizzazione dell\u2019evento, impedimenti causati dall\u2019emergenza Covid-19, ecc.). Qualora fosse gi\u00e0 stato pagato l\u2019importo dell\u2019esperienza \u00e8 assicurato ai partecipanti il <strong>rimborso totale<\/strong>, tramite trasformazione della somma versata in un Voucher Degustazione di pari valore, sia che la modifica del luogo non permetta all\u2019acquirente di prendere parte alla visita con degustazione. <\/li>\n\n\n\n<li>In nessun caso di cancellazione l\u2019importo versato per l\u2019esperienza verr\u00e0 restituito con il conseguente storno dello scontrino ma si proceder\u00e0 alla trasformazione di un voucher degustazione dello stesso importo con validit\u00e0 12 mesi dalla cancellazione solo esclusivamente se la cancellazione avverr\u00e0 entro i termini sopra indicati. Nessun voucher verr\u00e0 emesso nel caso in cui la cancellazione avvenisse tra le 48 ore e l\u2019inizio dell\u2019esperienza o in caso di no-show. <\/li>\n\n\n\n<li><strong>Norme generali di comportamento per i visitatori:<\/strong><\/li>\n<\/ul>\n\n<ul class=\"wp-block-list\">\n<li><strong>L\u2019orario della visita \u00e8 prestabilito e non modificabile<\/strong>, nel rispetto della prenotazione di eventuali ulteriori partecipanti.<br\/>I visitatori sono pregati di<strong> comunicare tempestivamente eventuali ritardi <\/strong>al fine di garantire una migliore organizzazione. Qualora il ritardo risulti eccessivo, l\u2019azienda si riserva il diritto di <strong>cancellare la prenotazione<\/strong>, di <strong>modificarne la durata e la tipologia<\/strong> o di <strong>tralasciare il percorso di visita<\/strong>. <\/li>\n\n\n\n<li>L\u2019ingresso ai locali dello stabilimento \u00e8 consentito solo se <strong>accompagnati da personale autorizzato<\/strong>.<br\/>Tutti i visitatori sono pregati di <strong>seguire sempre le indicazioni<\/strong> dei propri accompagnatori. In particolare \u00e8 necessario: <\/li>\n<\/ul>\n\n<p>1) Prestare la massima <strong>attenzione ai mezzi in movimento<\/strong> (es. carrelli elevatori);<\/p>\n\n<p>2) Prestare la massima<strong> attenzione ai macchinari in funzione <\/strong>(es. presse, macchine per l\u2019imbottigliamento);<\/p>\n\n<p>3) <strong>Non allontanarsi<\/strong> dai propri accompagnatori nei locali di produzione;<\/p>\n\n<p>4) <strong>In caso di emergenza<\/strong> (incendio, calamit\u00e0 naturale) mantenere la calma, non allontanarsi dall\u2019accompagnatore, seguire le indicazioni fornite dalla guida ed utilizzare le vie di fuga indicate dall\u2019apposita segnaletica.<\/p>\n\n<ul class=\"wp-block-list\">\n<li>Les Cr\u00eates declina ogni responsabilit\u00e0 per <strong>eventuali danni a persone o cose<\/strong> derivanti dal mancato rispetto delle norme di comportamento o delle indicazioni del personale.<\/li>\n<\/ul>\n\n<p><strong>Animali domestici<\/strong>: gli amici a quattro zampe di piccola taglia sono i benvenuti nella sala degustazioni, non potranno invece accedere alle zone di produzione e affinamento. Per ulteriori informazioni vi preghiamo di contattarci. <\/p>\n","protected":false},"excerpt":{"rendered":"<p>Condizioni generali di modifica o cancellazione di prenotazione di una visita guidata: 1) In caso di diminuzione del numero dei prenotati e di modifica del tipo di degustazione, se comunicato entro il suddetto termine (48 ore), non saranno applicate penali e il valore della degustazione del participante\/i cancellati verr\u00e0 tramutato in un voucher degustazione di [&hellip;]<\/p>\n","protected":false},"author":1,"featured_media":0,"parent":0,"menu_order":0,"comment_status":"closed","ping_status":"closed","template":"","meta":{"_acf_changed":false,"footnotes":""},"class_list":["post-13116","page","type-page","status-publish","hentry"],"acf":[],"yoast_head":"<!-- This site is optimized with the Yoast SEO plugin v27.6 - https:\/\/yoast.com\/product\/yoast-seo-wordpress\/ -->\n<title>Condizioni generali visita guidata | Les Cr\u00eates<\/title>\n<meta name=\"description\" content=\"Condizioni generali visita guidata\" \/>\n<meta name=\"robots\" content=\"index, follow, max-snippet:-1, max-image-preview:large, max-video-preview:-1\" \/>\n<link rel=\"canonical\" href=\"https:\/\/lescretes.it\/de\/condizioni-generali-visita-guidata\/\" \/>\n<meta property=\"og:locale\" content=\"de_DE\" \/>\n<meta property=\"og:type\" content=\"article\" \/>\n<meta property=\"og:title\" content=\"Condizioni generali visita guidata | Les Cr\u00eates\" \/>\n<meta property=\"og:description\" content=\"Condizioni generali visita guidata\" \/>\n<meta property=\"og:url\" content=\"https:\/\/lescretes.it\/de\/condizioni-generali-visita-guidata\/\" \/>\n<meta property=\"og:site_name\" content=\"Les Cr\u00eates\" \/>\n<meta property=\"article:publisher\" content=\"https:\/\/www.facebook.com\/lescretes\" \/>\n<meta property=\"article:modified_time\" content=\"2026-05-14T15:35:08+00:00\" \/>\n<meta property=\"og:image\" content=\"https:\/\/lescretes.it\/wp-content\/uploads\/2025\/08\/wines-les-cretes.jpg\" \/>\n\t<meta property=\"og:image:width\" content=\"1200\" \/>\n\t<meta property=\"og:image:height\" content=\"664\" \/>\n\t<meta property=\"og:image:type\" content=\"image\/jpeg\" \/>\n<meta name=\"twitter:card\" content=\"summary_large_image\" \/>\n<meta name=\"twitter:label1\" content=\"Gesch\u00e4tzte Lesezeit\" \/>\n\t<meta name=\"twitter:data1\" content=\"4\u00a0Minute\" \/>\n<script type=\"application\/ld+json\" class=\"yoast-schema-graph\">{\"@context\":\"https:\\\/\\\/schema.org\",\"@graph\":[{\"@type\":\"WebPage\",\"@id\":\"https:\\\/\\\/lescretes.it\\\/de\\\/condizioni-generali-visita-guidata\\\/\",\"url\":\"https:\\\/\\\/lescretes.it\\\/de\\\/condizioni-generali-visita-guidata\\\/\",\"name\":\"Condizioni generali visita guidata | Les Cr\u00eates\",\"isPartOf\":{\"@id\":\"https:\\\/\\\/lescretes.it\\\/de\\\/#website\"},\"datePublished\":\"2026-05-11T14:15:50+00:00\",\"dateModified\":\"2026-05-14T15:35:08+00:00\",\"description\":\"Condizioni generali visita guidata\",\"breadcrumb\":{\"@id\":\"https:\\\/\\\/lescretes.it\\\/de\\\/condizioni-generali-visita-guidata\\\/#breadcrumb\"},\"inLanguage\":\"de\",\"potentialAction\":[{\"@type\":\"ReadAction\",\"target\":[\"https:\\\/\\\/lescretes.it\\\/de\\\/condizioni-generali-visita-guidata\\\/\"]}]},{\"@type\":\"BreadcrumbList\",\"@id\":\"https:\\\/\\\/lescretes.it\\\/de\\\/condizioni-generali-visita-guidata\\\/#breadcrumb\",\"itemListElement\":[{\"@type\":\"ListItem\",\"position\":1,\"name\":\"Startseite\",\"item\":\"https:\\\/\\\/lescretes.it\\\/de\\\/\"},{\"@type\":\"ListItem\",\"position\":2,\"name\":\"Condizioni generali visita guidata\"}]},{\"@type\":\"WebSite\",\"@id\":\"https:\\\/\\\/lescretes.it\\\/de\\\/#website\",\"url\":\"https:\\\/\\\/lescretes.it\\\/de\\\/\",\"name\":\"Les Cr\u00eates\",\"description\":\"\",\"publisher\":{\"@id\":\"https:\\\/\\\/lescretes.it\\\/de\\\/#organization\"},\"potentialAction\":[{\"@type\":\"SearchAction\",\"target\":{\"@type\":\"EntryPoint\",\"urlTemplate\":\"https:\\\/\\\/lescretes.it\\\/de\\\/?s={search_term_string}\"},\"query-input\":{\"@type\":\"PropertyValueSpecification\",\"valueRequired\":true,\"valueName\":\"search_term_string\"}}],\"inLanguage\":\"de\"},{\"@type\":\"Organization\",\"@id\":\"https:\\\/\\\/lescretes.it\\\/de\\\/#organization\",\"name\":\"Societa' Agricola Les Cretes Di Charrere E C. S.S.\",\"alternateName\":\"Les Cr\u00eates\",\"url\":\"https:\\\/\\\/lescretes.it\\\/de\\\/\",\"logo\":{\"@type\":\"ImageObject\",\"inLanguage\":\"de\",\"@id\":\"https:\\\/\\\/lescretes.it\\\/de\\\/#\\\/schema\\\/logo\\\/image\\\/\",\"url\":\"https:\\\/\\\/lescretes.it\\\/wp-content\\\/uploads\\\/2025\\\/08\\\/logo-les-cretes.png\",\"contentUrl\":\"https:\\\/\\\/lescretes.it\\\/wp-content\\\/uploads\\\/2025\\\/08\\\/logo-les-cretes.png\",\"width\":696,\"height\":696,\"caption\":\"Societa' Agricola Les Cretes Di Charrere E C. S.S.\"},\"image\":{\"@id\":\"https:\\\/\\\/lescretes.it\\\/de\\\/#\\\/schema\\\/logo\\\/image\\\/\"},\"sameAs\":[\"https:\\\/\\\/www.facebook.com\\\/lescretes\",\"https:\\\/\\\/www.instagram.com\\\/les.cretes\\\/\"]}]}<\/script>\n<!-- \/ Yoast SEO plugin. -->","yoast_head_json":{"title":"Condizioni generali visita guidata | Les Cr\u00eates","description":"Condizioni generali visita guidata","robots":{"index":"index","follow":"follow","max-snippet":"max-snippet:-1","max-image-preview":"max-image-preview:large","max-video-preview":"max-video-preview:-1"},"canonical":"https:\/\/lescretes.it\/de\/condizioni-generali-visita-guidata\/","og_locale":"de_DE","og_type":"article","og_title":"Condizioni generali visita guidata | Les Cr\u00eates","og_description":"Condizioni generali visita guidata","og_url":"https:\/\/lescretes.it\/de\/condizioni-generali-visita-guidata\/","og_site_name":"Les Cr\u00eates","article_publisher":"https:\/\/www.facebook.com\/lescretes","article_modified_time":"2026-05-14T15:35:08+00:00","og_image":[{"width":1200,"height":664,"url":"https:\/\/lescretes.it\/wp-content\/uploads\/2025\/08\/wines-les-cretes.jpg","type":"image\/jpeg"}],"twitter_card":"summary_large_image","twitter_misc":{"Gesch\u00e4tzte Lesezeit":"4\u00a0Minute"},"schema":{"@context":"https:\/\/schema.org","@graph":[{"@type":"WebPage","@id":"https:\/\/lescretes.it\/de\/condizioni-generali-visita-guidata\/","url":"https:\/\/lescretes.it\/de\/condizioni-generali-visita-guidata\/","name":"Condizioni generali visita guidata | Les Cr\u00eates","isPartOf":{"@id":"https:\/\/lescretes.it\/de\/#website"},"datePublished":"2026-05-11T14:15:50+00:00","dateModified":"2026-05-14T15:35:08+00:00","description":"Condizioni generali visita guidata","breadcrumb":{"@id":"https:\/\/lescretes.it\/de\/condizioni-generali-visita-guidata\/#breadcrumb"},"inLanguage":"de","potentialAction":[{"@type":"ReadAction","target":["https:\/\/lescretes.it\/de\/condizioni-generali-visita-guidata\/"]}]},{"@type":"BreadcrumbList","@id":"https:\/\/lescretes.it\/de\/condizioni-generali-visita-guidata\/#breadcrumb","itemListElement":[{"@type":"ListItem","position":1,"name":"Startseite","item":"https:\/\/lescretes.it\/de\/"},{"@type":"ListItem","position":2,"name":"Condizioni generali visita guidata"}]},{"@type":"WebSite","@id":"https:\/\/lescretes.it\/de\/#website","url":"https:\/\/lescretes.it\/de\/","name":"Les Cr\u00eates","description":"","publisher":{"@id":"https:\/\/lescretes.it\/de\/#organization"},"potentialAction":[{"@type":"SearchAction","target":{"@type":"EntryPoint","urlTemplate":"https:\/\/lescretes.it\/de\/?s={search_term_string}"},"query-input":{"@type":"PropertyValueSpecification","valueRequired":true,"valueName":"search_term_string"}}],"inLanguage":"de"},{"@type":"Organization","@id":"https:\/\/lescretes.it\/de\/#organization","name":"Societa' Agricola Les Cretes Di Charrere E C. S.S.","alternateName":"Les Cr\u00eates","url":"https:\/\/lescretes.it\/de\/","logo":{"@type":"ImageObject","inLanguage":"de","@id":"https:\/\/lescretes.it\/de\/#\/schema\/logo\/image\/","url":"https:\/\/lescretes.it\/wp-content\/uploads\/2025\/08\/logo-les-cretes.png","contentUrl":"https:\/\/lescretes.it\/wp-content\/uploads\/2025\/08\/logo-les-cretes.png","width":696,"height":696,"caption":"Societa' Agricola Les Cretes Di Charrere E C. S.S."},"image":{"@id":"https:\/\/lescretes.it\/de\/#\/schema\/logo\/image\/"},"sameAs":["https:\/\/www.facebook.com\/lescretes","https:\/\/www.instagram.com\/les.cretes\/"]}]}},"_links":{"self":[{"href":"https:\/\/lescretes.it\/de\/wp-json\/wp\/v2\/pages\/13116","targetHints":{"allow":["GET"]}}],"collection":[{"href":"https:\/\/lescretes.it\/de\/wp-json\/wp\/v2\/pages"}],"about":[{"href":"https:\/\/lescretes.it\/de\/wp-json\/wp\/v2\/types\/page"}],"author":[{"embeddable":true,"href":"https:\/\/lescretes.it\/de\/wp-json\/wp\/v2\/users\/1"}],"replies":[{"embeddable":true,"href":"https:\/\/lescretes.it\/de\/wp-json\/wp\/v2\/comments?post=13116"}],"version-history":[{"count":1,"href":"https:\/\/lescretes.it\/de\/wp-json\/wp\/v2\/pages\/13116\/revisions"}],"predecessor-version":[{"id":13117,"href":"https:\/\/lescretes.it\/de\/wp-json\/wp\/v2\/pages\/13116\/revisions\/13117"}],"wp:attachment":[{"href":"https:\/\/lescretes.it\/de\/wp-json\/wp\/v2\/media?parent=13116"}],"curies":[{"name":"wp","href":"https:\/\/api.w.org\/{rel}","templated":true}]}}